{"id":10,"date":"2025-09-28T18:21:27","date_gmt":"2025-09-28T16:21:27","guid":{"rendered":"https:\/\/beaskincare.com\/blogs\/?page_id=10"},"modified":"2025-10-18T14:26:46","modified_gmt":"2025-10-18T12:26:46","slug":"inicio","status":"publish","type":"page","link":"https:\/\/beaskincare.com\/blog\/","title":{"rendered":"Inicio"},"content":{"rendered":"\t\t<div data-elementor-type=\"wp-page\" data-elementor-id=\"10\" class=\"elementor elementor-10\">\n\t\t\t\t<div class=\"elementor-element elementor-element-be9dc07 e-con-full e-flex e-con e-parent\" data-id=\"be9dc07\" data-element_type=\"container\" data-e-type=\"container\">\n\t\t<div class=\"elementor-element elementor-element-c3921a9 e-flex e-con-boxed e-con e-child\" data-id=\"c3921a9\" data-element_type=\"container\" data-e-type=\"container\" data-settings=\"{&quot;background_background&quot;:&quot;gradient&quot;}\">\n\t\t\t\t\t<div class=\"e-con-inner\">\n\t\t\t\t<div class=\"elementor-element elementor-element-e7e234a elementor-widget elementor-widget-heading\" data-id=\"e7e234a\" data-element_type=\"widget\" data-e-type=\"widget\" data-widget_type=\"heading.default\">\n\t\t\t\t\t<h1 class=\"elementor-heading-title elementor-size-default\">NOVEDADES QUE BRILLAN\n<\/h1>\t\t\t\t<\/div>\n\t\t\t\t<div class=\"elementor-element elementor-element-e608390 elementor-widget elementor-widget-heading\" data-id=\"e608390\" data-element_type=\"widget\" data-e-type=\"widget\" data-widget_type=\"heading.default\">\n\t\t\t\t\t<h2 class=\"elementor-heading-title elementor-size-default\">INSPIRACI\u00d3N PARA EL CUIDADO DE TU PIEL\n\n<\/h2>\t\t\t\t<\/div>\n\t\t\t\t\t<\/div>\n\t\t\t\t<\/div>\n\t\t<div class=\"elementor-element elementor-element-55872e4 e-flex e-con-boxed e-con e-child\" data-id=\"55872e4\" data-element_type=\"container\" data-e-type=\"container\" data-settings=\"{&quot;background_background&quot;:&quot;classic&quot;}\">\n\t\t\t\t\t<div class=\"e-con-inner\">\n\t\t\t\t\t<\/div>\n\t\t\t\t<\/div>\n\t\t\t\t<\/div>\n\t\t<div class=\"elementor-element elementor-element-54adb96 e-flex e-con-boxed e-con e-parent\" data-id=\"54adb96\" data-element_type=\"container\" data-e-type=\"container\">\n\t\t\t\t\t<div class=\"e-con-inner\">\n\t\t\t\t<div class=\"elementor-element elementor-element-8fb8d74 elementor-grid-mobile-eael-col-2 elementor-grid-eael-col-4 elementor-grid-tablet-eael-col-2 elementor-widget elementor-widget-eael-post-grid\" data-id=\"8fb8d74\" data-element_type=\"widget\" data-e-type=\"widget\" data-settings=\"{&quot;eael_post_grid_columns_mobile&quot;:&quot;eael-col-2&quot;,&quot;eael_post_grid_columns&quot;:&quot;eael-col-4&quot;,&quot;eael_post_grid_columns_tablet&quot;:&quot;eael-col-2&quot;}\" data-widget_type=\"eael-post-grid.default\">\n\t\t\t\t\t<div id=\"eael-post-grid-8fb8d74\" class=\"eael-post-grid-container\">\n            <div class=\"eael-post-grid eael-post-appender eael-post-appender-8fb8d74 eael-post-grid-style-two\" data-layout-mode=\"grid\"><article class=\"eael-grid-post  eael-post-grid-column eael-pg-post-307 category-elixir tags-balance-brotes-hormonales-enrojecimiento-acne\" data-id=\"307\">\n    <div class=\"eael-grid-post-holder\">\n        <div class=\"eael-grid-post-holder-inner\"><div class=\"eael-entry-media\"><div class=\"eael-entry-overlay fade-in\"><i class=\"fas fa-chevron-right\" aria-hidden=\"true\"><\/i><a href=\"https:\/\/beaskincare.com\/blog\/como-tratar-acne-hormonal-en-mujeres-adultas\/\"><\/a><\/div><div class=\"eael-entry-thumbnail \">\n                            <img fetchpriority=\"high\" decoding=\"async\" width=\"200\" height=\"300\" src=\"https:\/\/beaskincare.com\/blog\/wp-content\/uploads\/2026\/04\/BLOGS-BEA-1-200x300.webp\" class=\"attachment-medium size-medium wp-image-311\" alt=\"acn\u00e9 hormonal en mujeres\" srcset=\"https:\/\/beaskincare.com\/blog\/wp-content\/uploads\/2026\/04\/BLOGS-BEA-1-200x300.webp 200w, https:\/\/beaskincare.com\/blog\/wp-content\/uploads\/2026\/04\/BLOGS-BEA-1-683x1024.webp 683w, https:\/\/beaskincare.com\/blog\/wp-content\/uploads\/2026\/04\/BLOGS-BEA-1-768x1152.webp 768w, https:\/\/beaskincare.com\/blog\/wp-content\/uploads\/2026\/04\/BLOGS-BEA-1.webp 800w\" sizes=\"(max-width: 200px) 100vw, 200px\" \/>\n                            <\/div>\n                    <\/div><div class=\"eael-entry-wrapper\"><header class=\"eael-entry-header\"><h2 class=\"eael-entry-title\"><a class=\"eael-grid-post-link\" href=\"https:\/\/beaskincare.com\/blog\/como-tratar-acne-hormonal-en-mujeres-adultas\/\" title=\"C\u00f3mo tratar el acn\u00e9 hormonal en mujeres adultas\">C\u00f3mo tratar el acn\u00e9 hormonal en mujeres adultas<\/a><\/h2><\/header><div class=\"eael-entry-content\">\n                                <div class=\"eael-grid-post-excerpt\"><p>El acn\u00e9 hormonal en mujeres adultas suele aparecer de forma...<\/p><a href=\"https:\/\/beaskincare.com\/blog\/como-tratar-acne-hormonal-en-mujeres-adultas\/\" class=\"eael-post-elements-readmore-btn\">Leer m\u00e1s<\/a><\/div>\n                            <\/div><\/div><\/div>\n    <\/div>\n<\/article><article class=\"eael-grid-post  eael-post-grid-column eael-pg-post-304 category-elixir\" data-id=\"304\">\n    <div class=\"eael-grid-post-holder\">\n        <div class=\"eael-grid-post-holder-inner\"><div class=\"eael-entry-media\"><div class=\"eael-entry-overlay fade-in\"><i class=\"fas fa-chevron-right\" aria-hidden=\"true\"><\/i><a href=\"https:\/\/beaskincare.com\/blog\/rutina-facial-completa\/\"><\/a><\/div><div class=\"eael-entry-thumbnail \">\n                            <img decoding=\"async\" width=\"200\" height=\"300\" src=\"https:\/\/beaskincare.com\/blog\/wp-content\/uploads\/2026\/04\/BLOGS-BEA-200x300.webp\" class=\"attachment-medium size-medium wp-image-310\" alt=\"rutina facial completa\" srcset=\"https:\/\/beaskincare.com\/blog\/wp-content\/uploads\/2026\/04\/BLOGS-BEA-200x300.webp 200w, https:\/\/beaskincare.com\/blog\/wp-content\/uploads\/2026\/04\/BLOGS-BEA-683x1024.webp 683w, https:\/\/beaskincare.com\/blog\/wp-content\/uploads\/2026\/04\/BLOGS-BEA-768x1152.webp 768w, https:\/\/beaskincare.com\/blog\/wp-content\/uploads\/2026\/04\/BLOGS-BEA.webp 800w\" sizes=\"(max-width: 200px) 100vw, 200px\" \/>\n                            <\/div>\n                    <\/div><div class=\"eael-entry-wrapper\"><header class=\"eael-entry-header\"><h2 class=\"eael-entry-title\"><a class=\"eael-grid-post-link\" href=\"https:\/\/beaskincare.com\/blog\/rutina-facial-completa\/\" title=\"Rutina facial completa: ma\u00f1ana y noche seg\u00fan tu tipo de piel\">Rutina facial completa: ma\u00f1ana y noche seg\u00fan tu tipo de piel<\/a><\/h2><\/header><div class=\"eael-entry-content\">\n                                <div class=\"eael-grid-post-excerpt\"><p>Una rutina facial completa funciona cuando sigue una estructura clara...<\/p><a href=\"https:\/\/beaskincare.com\/blog\/rutina-facial-completa\/\" class=\"eael-post-elements-readmore-btn\">Leer m\u00e1s<\/a><\/div>\n                            <\/div><\/div><\/div>\n    <\/div>\n<\/article><article class=\"eael-grid-post  eael-post-grid-column eael-pg-post-299 category-activ-balance tags-acido-azelaico-para-manchas-cuidado-de-la-piel-con-manchas-kit-adios-manchas-manchas-en-la-cara-piel-con-tono-desigual-rutina-antimanchas-serums-para-manchas-vitamina-c-para-la-piel\" data-id=\"299\">\n    <div class=\"eael-grid-post-holder\">\n        <div class=\"eael-grid-post-holder-inner\"><div class=\"eael-entry-media\"><div class=\"eael-entry-overlay fade-in\"><i class=\"fas fa-chevron-right\" aria-hidden=\"true\"><\/i><a href=\"https:\/\/beaskincare.com\/blog\/manchas-en-la-cara-rutina-efectiva\/\"><\/a><\/div><div class=\"eael-entry-thumbnail \">\n                            <img decoding=\"async\" width=\"200\" height=\"300\" src=\"https:\/\/beaskincare.com\/blog\/wp-content\/uploads\/2026\/03\/BLOGS-BEA-200x300.webp\" class=\"attachment-medium size-medium wp-image-301\" alt=\"kit adi\u00f3s manchas en la cara\" srcset=\"https:\/\/beaskincare.com\/blog\/wp-content\/uploads\/2026\/03\/BLOGS-BEA-200x300.webp 200w, https:\/\/beaskincare.com\/blog\/wp-content\/uploads\/2026\/03\/BLOGS-BEA-683x1024.webp 683w, https:\/\/beaskincare.com\/blog\/wp-content\/uploads\/2026\/03\/BLOGS-BEA-768x1152.webp 768w, https:\/\/beaskincare.com\/blog\/wp-content\/uploads\/2026\/03\/BLOGS-BEA.webp 800w\" sizes=\"(max-width: 200px) 100vw, 200px\" \/>\n                            <\/div>\n                    <\/div><div class=\"eael-entry-wrapper\"><header class=\"eael-entry-header\"><h2 class=\"eael-entry-title\"><a class=\"eael-grid-post-link\" href=\"https:\/\/beaskincare.com\/blog\/manchas-en-la-cara-rutina-efectiva\/\" title=\"C\u00f3mo reducir manchas en la cara con una rutina efectiva\">C\u00f3mo reducir manchas en la cara con una rutina efectiva<\/a><\/h2><\/header><div class=\"eael-entry-content\">\n                                <div class=\"eael-grid-post-excerpt\"><p>Las manchas en la cara son uno de los problemas...<\/p><a href=\"https:\/\/beaskincare.com\/blog\/manchas-en-la-cara-rutina-efectiva\/\" class=\"eael-post-elements-readmore-btn\">Leer m\u00e1s<\/a><\/div>\n                            <\/div><\/div><\/div>\n    <\/div>\n<\/article><article class=\"eael-grid-post  eael-post-grid-column eael-pg-post-295 category-balance-elixir tags-acne-adulto-brotes-hormonales-como-controlar-el-acne-sin-resecar-la-piel-enrojecimiento-acne-piel-grasa-poros-congestionados\" data-id=\"295\">\n    <div class=\"eael-grid-post-holder\">\n        <div class=\"eael-grid-post-holder-inner\"><div class=\"eael-entry-media\"><div class=\"eael-entry-overlay fade-in\"><i class=\"fas fa-chevron-right\" aria-hidden=\"true\"><\/i><a href=\"https:\/\/beaskincare.com\/blog\/como-controlar-el-acne-sin-resecar-la-piel\/\"><\/a><\/div><div class=\"eael-entry-thumbnail \">\n                            <img loading=\"lazy\" decoding=\"async\" width=\"200\" height=\"300\" src=\"https:\/\/beaskincare.com\/blog\/wp-content\/uploads\/2026\/02\/BLOGS-BEA-2-200x300.png\" class=\"attachment-medium size-medium wp-image-296\" alt=\"C\u00f3mo controlar el acn\u00e9 sin resecar la piel\" srcset=\"https:\/\/beaskincare.com\/blog\/wp-content\/uploads\/2026\/02\/BLOGS-BEA-2-200x300.png 200w, https:\/\/beaskincare.com\/blog\/wp-content\/uploads\/2026\/02\/BLOGS-BEA-2-683x1024.png 683w, https:\/\/beaskincare.com\/blog\/wp-content\/uploads\/2026\/02\/BLOGS-BEA-2-768x1152.png 768w, https:\/\/beaskincare.com\/blog\/wp-content\/uploads\/2026\/02\/BLOGS-BEA-2.png 800w\" sizes=\"(max-width: 200px) 100vw, 200px\" \/>\n                            <\/div>\n                    <\/div><div class=\"eael-entry-wrapper\"><header class=\"eael-entry-header\"><h2 class=\"eael-entry-title\"><a class=\"eael-grid-post-link\" href=\"https:\/\/beaskincare.com\/blog\/como-controlar-el-acne-sin-resecar-la-piel\/\" title=\"C\u00f3mo controlar el acn\u00e9 sin resecar la piel: gu\u00eda para brotes hormonales y piel grasa\">C\u00f3mo controlar el acn\u00e9 sin resecar la piel: gu\u00eda para brotes hormonales y piel grasa<\/a><\/h2><\/header><div class=\"eael-entry-content\">\n                                <div class=\"eael-grid-post-excerpt\"><p>C\u00f3mo controlar el acn\u00e9 sin resecar la piel es un...<\/p><a href=\"https:\/\/beaskincare.com\/blog\/como-controlar-el-acne-sin-resecar-la-piel\/\" class=\"eael-post-elements-readmore-btn\">Leer m\u00e1s<\/a><\/div>\n                            <\/div><\/div><\/div>\n    <\/div>\n<\/article><\/div>\n            <div class=\"clearfix\"><\/div>\n        <\/div>            <div class=\"eael-load-more-button-wrap eael-infinity-scroll\" data-offset=\"-200\">\n                <button class=\"eael-load-more-button\" id=\"eael-load-more-btn-8fb8d74\" data-widget-id=\"8fb8d74\" data-widget=\"8fb8d74\" data-page-id=\"10\" data-template=\"{&quot;dir&quot;:&quot;lite&quot;,&quot;file_name&quot;:&quot;two.php&quot;,&quot;name&quot;:&quot;Post-Grid&quot;}\" data-class=\"Essential_Addons_Elementor\\Elements\\Post_Grid\" data-layout=\"grid\" data-page=\"1\" data-args=\"orderby=date&amp;order=desc&amp;ignore_sticky_posts=1&amp;post_status=publish&amp;posts_per_page=4&amp;offset=0&amp;post_type=post\" data-max-page=\"6\">\n                    <span class=\"eael-btn-loader button__loader\"><\/span>\n                    <span class=\"eael_load_more_text\">Cargar m\u00e1s<\/span>\n                <\/button>\n            <\/div>\n            \t\t\t\t<\/div>\n\t\t\t\t\t<\/div>\n\t\t\t\t<\/div>\n\t\t\t\t<\/div>\n\t\t","protected":false},"excerpt":{"rendered":"<p>NOVEDADES QUE BRILLAN INSPIRACI\u00d3N PARA EL CUIDADO DE TU PIEL Escualeno para piel seca y sensible: ELIXIR como soluci\u00f3n hidratante y regeneradora La piel seca y sensible necesita cuidados especiales, especialmente por&#8230; Leer m\u00e1s Hiperpigmentaci\u00f3n post-acn\u00e9: activos que funcionan de verdad La hiperpigmentaci\u00f3n post-acn\u00e9 es uno de los problemas m\u00e1s comunes&#8230; Leer m\u00e1s Gu\u00eda para&hellip;&nbsp;<\/p>\n","protected":false},"author":2,"featured_media":0,"parent":0,"menu_order":0,"comment_status":"closed","ping_status":"closed","template":"elementor_header_footer","meta":{"neve_meta_sidebar":"","neve_meta_container":"","neve_meta_enable_content_width":"","neve_meta_content_width":0,"neve_meta_title_alignment":"","neve_meta_author_avatar":"","neve_post_elements_order":"","neve_meta_disable_header":"","neve_meta_disable_footer":"","neve_meta_disable_title":"","footnotes":""},"class_list":["post-10","page","type-page","status-publish","hentry"],"_links":{"self":[{"href":"https:\/\/beaskincare.com\/blog\/wp-json\/wp\/v2\/pages\/10","targetHints":{"allow":["GET"]}}],"collection":[{"href":"https:\/\/beaskincare.com\/blog\/wp-json\/wp\/v2\/pages"}],"about":[{"href":"https:\/\/beaskincare.com\/blog\/wp-json\/wp\/v2\/types\/page"}],"author":[{"embeddable":true,"href":"https:\/\/beaskincare.com\/blog\/wp-json\/wp\/v2\/users\/2"}],"replies":[{"embeddable":true,"href":"https:\/\/beaskincare.com\/blog\/wp-json\/wp\/v2\/comments?post=10"}],"version-history":[{"count":31,"href":"https:\/\/beaskincare.com\/blog\/wp-json\/wp\/v2\/pages\/10\/revisions"}],"predecessor-version":[{"id":247,"href":"https:\/\/beaskincare.com\/blog\/wp-json\/wp\/v2\/pages\/10\/revisions\/247"}],"wp:attachment":[{"href":"https:\/\/beaskincare.com\/blog\/wp-json\/wp\/v2\/media?parent=10"}],"curies":[{"name":"wp","href":"https:\/\/api.w.org\/{rel}","templated":true}]}}