{"id":12,"date":"2025-08-18T16:29:52","date_gmt":"2025-08-18T14:29:52","guid":{"rendered":"https:\/\/beaskincare.com\/productos\/carrito\/"},"modified":"2025-08-18T17:39:45","modified_gmt":"2025-08-18T15:39:45","slug":"carrito","status":"publish","type":"page","link":"https:\/\/beaskincare.com\/productos\/carrito\/","title":{"rendered":"Carrito"},"content":{"rendered":"\n<div data-block-name=\"woocommerce\/cart\" class=\"wp-block-woocommerce-cart alignwide is-loading\">\n<div data-block-name=\"woocommerce\/filled-cart-block\" class=\"wp-block-woocommerce-filled-cart-block\">\n<div data-block-name=\"woocommerce\/cart-items-block\" class=\"wp-block-woocommerce-cart-items-block\">\n<div data-block-name=\"woocommerce\/cart-line-items-block\" class=\"wp-block-woocommerce-cart-line-items-block\"><\/div>\n\n\n\n<div data-block-name=\"woocommerce\/cart-cross-sells-block\" class=\"wp-block-woocommerce-cart-cross-sells-block\">\n<h2 class=\"wp-block-heading has-large-font-size\">Puede que te interese\u2026<\/h2>\n\n\n\n<div data-block-name=\"woocommerce\/cart-cross-sells-products-block\" class=\"wp-block-woocommerce-cart-cross-sells-products-block\"><\/div>\n<\/div>\n<\/div>\n\n\n\n<div data-block-name=\"woocommerce\/cart-totals-block\" class=\"wp-block-woocommerce-cart-totals-block\">\n<div data-block-name=\"woocommerce\/cart-order-summary-block\" class=\"wp-block-woocommerce-cart-order-summary-block\">\n<div data-block-name=\"woocommerce\/cart-order-summary-heading-block\" class=\"wp-block-woocommerce-cart-order-summary-heading-block\"><\/div><div data-block-name=\"woocommerce\/cart-order-summary-coupon-form-block\" class=\"wp-block-woocommerce-cart-order-summary-coupon-form-block\"><\/div><div data-block-name=\"woocommerce\/cart-order-summary-totals-block\" class=\"wp-block-woocommerce-cart-order-summary-totals-block\">\n<div data-block-name=\"woocommerce\/cart-order-summary-subtotal-block\" class=\"wp-block-woocommerce-cart-order-summary-subtotal-block\"><\/div>\n<div data-block-name=\"woocommerce\/cart-order-summary-discount-block\" class=\"wp-block-woocommerce-cart-order-summary-discount-block\"><\/div>\n<div data-block-name=\"woocommerce\/cart-order-summary-fee-block\" class=\"wp-block-woocommerce-cart-order-summary-fee-block\"><\/div>\n<div data-block-name=\"woocommerce\/cart-order-summary-shipping-block\" class=\"wp-block-woocommerce-cart-order-summary-shipping-block\"><\/div>\n<div data-block-name=\"woocommerce\/cart-order-summary-taxes-block\" class=\"wp-block-woocommerce-cart-order-summary-taxes-block\"><\/div><\/div>\n<\/div>\n\n\n\n<div data-block-name=\"woocommerce\/cart-express-payment-block\" class=\"wp-block-woocommerce-cart-express-payment-block\"><\/div>\n\n\n\n<div data-block-name=\"woocommerce\/proceed-to-checkout-block\" class=\"wp-block-woocommerce-proceed-to-checkout-block\"><\/div>\n\n\n\n<div data-block-name=\"woocommerce\/cart-accepted-payment-methods-block\" class=\"wp-block-woocommerce-cart-accepted-payment-methods-block\"><\/div>\n<\/div>\n<\/div>\n\n\n\n<div data-block-name=\"woocommerce\/empty-cart-block\" class=\"wp-block-woocommerce-empty-cart-block\">\n<h2 class=\"wp-block-heading has-text-align-center with-empty-cart-icon wc-block-cart__empty-cart__title\">\u00a1Tu carrito est\u00e1 actualmente vac\u00edo!<\/h2>\n\n\n\n<hr class=\"wp-block-separator has-alpha-channel-opacity is-style-dots\"\/>\n\n\n\n<h2 class=\"wp-block-heading has-text-align-center\">Nuevo en la tienda<\/h2>\n\n\n<div data-block-name=\"woocommerce\/product-new\" data-columns=\"4\" data-rows=\"1\" class=\"wc-block-grid wp-block-product-new wp-block-woocommerce-product-new wc-block-product-new has-4-columns\"><ul class=\"wc-block-grid__products\"><li class=\"wc-block-grid__product\">\n\t\t\t\t<a href=\"https:\/\/beaskincare.com\/productos\/producto\/adios-manchas-kit-balance-activ\/\" class=\"wc-block-grid__product-link\">\n\t\t\t\t\t<div class=\"wc-block-grid__product-onsale\">\n\t\t\t<span aria-hidden=\"true\">Oferta<\/span>\n\t\t\t<span class=\"screen-reader-text\">Producto en oferta<\/span>\n\t\t<\/div>\n\t\t\t\t\t<div class=\"wc-block-grid__product-image\"><img fetchpriority=\"high\" decoding=\"async\" width=\"300\" height=\"300\" src=\"https:\/\/beaskincare.com\/productos\/wp-content\/uploads\/2026\/03\/manchas-kit-300x300.webp\" class=\"attachment-woocommerce_thumbnail size-woocommerce_thumbnail\" alt=\"kit adi\u00f3s manchas\" srcset=\"https:\/\/beaskincare.com\/productos\/wp-content\/uploads\/2026\/03\/manchas-kit-300x300.webp 300w, https:\/\/beaskincare.com\/productos\/wp-content\/uploads\/2026\/03\/manchas-kit-1024x1024.webp 1024w, https:\/\/beaskincare.com\/productos\/wp-content\/uploads\/2026\/03\/manchas-kit-150x150.webp 150w, https:\/\/beaskincare.com\/productos\/wp-content\/uploads\/2026\/03\/manchas-kit-768x768.webp 768w, https:\/\/beaskincare.com\/productos\/wp-content\/uploads\/2026\/03\/manchas-kit-1536x1536.webp 1536w, https:\/\/beaskincare.com\/productos\/wp-content\/uploads\/2026\/03\/manchas-kit-600x600.webp 600w, https:\/\/beaskincare.com\/productos\/wp-content\/uploads\/2026\/03\/manchas-kit-100x100.webp 100w, https:\/\/beaskincare.com\/productos\/wp-content\/uploads\/2026\/03\/manchas-kit.webp 1888w\" sizes=\"(max-width: 300px) 100vw, 300px\" \/><\/div>\n\t\t\t\t\t<div class=\"wc-block-grid__product-title\">Adi\u00f3s Manchas Kit: Balance + Activ<\/div>\n\t\t\t\t<\/a>\n\t\t\t\t<div class=\"wc-block-grid__product-price price\"><del aria-hidden=\"true\"><span class=\"woocommerce-Price-amount amount\">100,97&nbsp;<span class=\"woocommerce-Price-currencySymbol\">&euro;<\/span><\/span><\/del> <span class=\"screen-reader-text\">El precio original era: 100,97&nbsp;&euro;.<\/span><ins aria-hidden=\"true\"><span class=\"woocommerce-Price-amount amount\">89,99&nbsp;<span class=\"woocommerce-Price-currencySymbol\">&euro;<\/span><\/span><\/ins><span class=\"screen-reader-text\">El precio actual es: 89,99&nbsp;&euro;.<\/span><\/div>\n\t\t\t\t<div class=\"wc-block-grid__product-rating\"><div class=\"star-rating\" role=\"img\" aria-label=\"Valorado con 5.00 de 5\"><span style=\"width:100%\">Valorado con <strong class=\"rating\">5.00<\/strong> de 5 en base a <span class=\"rating\">2<\/span> valoraciones de clientes<\/span><\/div><\/div>\n\t\t\t\t<div class=\"wp-block-button wc-block-grid__product-add-to-cart\"><a href=\"\/productos\/wp-json\/wp\/v2\/pages\/12?add-to-cart=393\" aria-label=\"A\u00f1adir al carrito: &ldquo;Adi\u00f3s Manchas Kit: Balance + Activ&rdquo;\" data-quantity=\"1\" data-product_id=\"393\" data-product_sku=\"10\" data-price=\"89.99\" rel=\"nofollow\" class=\"wp-block-button__link  add_to_cart_button ajax_add_to_cart\">A\u00f1adir al carrito<\/a><\/div>\n\t\t\t<\/li><li class=\"wc-block-grid__product\">\n\t\t\t\t<a href=\"https:\/\/beaskincare.com\/productos\/producto\/adios-acne-kit-balance-elixir\/\" class=\"wc-block-grid__product-link\">\n\t\t\t\t\t<div class=\"wc-block-grid__product-onsale\">\n\t\t\t<span aria-hidden=\"true\">Oferta<\/span>\n\t\t\t<span class=\"screen-reader-text\">Producto en oferta<\/span>\n\t\t<\/div>\n\t\t\t\t\t<div class=\"wc-block-grid__product-image\"><img decoding=\"async\" width=\"300\" height=\"300\" src=\"https:\/\/beaskincare.com\/productos\/wp-content\/uploads\/2025\/12\/GLOw-rescue-kit-300x300.webp\" class=\"attachment-woocommerce_thumbnail size-woocommerce_thumbnail\" alt=\"Adi\u00f3s acn\u00e9 kit. Balance. Elixir, Bea Skincare.\" srcset=\"https:\/\/beaskincare.com\/productos\/wp-content\/uploads\/2025\/12\/GLOw-rescue-kit-300x300.webp 300w, https:\/\/beaskincare.com\/productos\/wp-content\/uploads\/2025\/12\/GLOw-rescue-kit-100x100.webp 100w, https:\/\/beaskincare.com\/productos\/wp-content\/uploads\/2025\/12\/GLOw-rescue-kit-600x600.webp 600w, https:\/\/beaskincare.com\/productos\/wp-content\/uploads\/2025\/12\/GLOw-rescue-kit-1024x1024.webp 1024w, https:\/\/beaskincare.com\/productos\/wp-content\/uploads\/2025\/12\/GLOw-rescue-kit-150x150.webp 150w, https:\/\/beaskincare.com\/productos\/wp-content\/uploads\/2025\/12\/GLOw-rescue-kit-768x768.webp 768w, https:\/\/beaskincare.com\/productos\/wp-content\/uploads\/2025\/12\/GLOw-rescue-kit.webp 1500w\" sizes=\"(max-width: 300px) 100vw, 300px\" \/><\/div>\n\t\t\t\t\t<div class=\"wc-block-grid__product-title\">Adi\u00f3s Acn\u00e9 Kit: Balance + Elixir<\/div>\n\t\t\t\t<\/a>\n\t\t\t\t<div class=\"wc-block-grid__product-price price\"><del aria-hidden=\"true\"><span class=\"woocommerce-Price-amount amount\">120,98&nbsp;<span class=\"woocommerce-Price-currencySymbol\">&euro;<\/span><\/span><\/del> <span class=\"screen-reader-text\">El precio original era: 120,98&nbsp;&euro;.<\/span><ins aria-hidden=\"true\"><span class=\"woocommerce-Price-amount amount\">99,99&nbsp;<span class=\"woocommerce-Price-currencySymbol\">&euro;<\/span><\/span><\/ins><span class=\"screen-reader-text\">El precio actual es: 99,99&nbsp;&euro;.<\/span><\/div>\n\t\t\t\t<div class=\"wc-block-grid__product-rating\"><div class=\"star-rating\" role=\"img\" aria-label=\"Valorado con 5.00 de 5\"><span style=\"width:100%\">Valorado con <strong class=\"rating\">5.00<\/strong> de 5 en base a <span class=\"rating\">2<\/span> valoraciones de clientes<\/span><\/div><\/div>\n\t\t\t\t<div class=\"wp-block-button wc-block-grid__product-add-to-cart\"><a href=\"\/productos\/wp-json\/wp\/v2\/pages\/12?add-to-cart=357\" aria-label=\"A\u00f1adir al carrito: &ldquo;Adi\u00f3s Acn\u00e9 Kit: Balance + Elixir&rdquo;\" data-quantity=\"1\" data-product_id=\"357\" data-product_sku=\"\" data-price=\"99.99\" rel=\"nofollow\" class=\"wp-block-button__link  add_to_cart_button ajax_add_to_cart\">A\u00f1adir al carrito<\/a><\/div>\n\t\t\t<\/li><li class=\"wc-block-grid__product\">\n\t\t\t\t<a href=\"https:\/\/beaskincare.com\/productos\/producto\/glow-rescue-kit-activ-elixir\/\" class=\"wc-block-grid__product-link\">\n\t\t\t\t\t<div class=\"wc-block-grid__product-onsale\">\n\t\t\t<span aria-hidden=\"true\">Oferta<\/span>\n\t\t\t<span class=\"screen-reader-text\">Producto en oferta<\/span>\n\t\t<\/div>\n\t\t\t\t\t<div class=\"wc-block-grid__product-image\"><img decoding=\"async\" width=\"300\" height=\"300\" src=\"https:\/\/beaskincare.com\/productos\/wp-content\/uploads\/2025\/12\/GLOw-rescue-kit-300x300.png\" class=\"attachment-woocommerce_thumbnail size-woocommerce_thumbnail\" alt=\"Glow rescue Kit. Activ. Elixir. Bea Skincare\" srcset=\"https:\/\/beaskincare.com\/productos\/wp-content\/uploads\/2025\/12\/GLOw-rescue-kit-300x300.png 300w, https:\/\/beaskincare.com\/productos\/wp-content\/uploads\/2025\/12\/GLOw-rescue-kit-100x100.png 100w, https:\/\/beaskincare.com\/productos\/wp-content\/uploads\/2025\/12\/GLOw-rescue-kit-600x600.png 600w, https:\/\/beaskincare.com\/productos\/wp-content\/uploads\/2025\/12\/GLOw-rescue-kit-1024x1024.png 1024w, https:\/\/beaskincare.com\/productos\/wp-content\/uploads\/2025\/12\/GLOw-rescue-kit-150x150.png 150w, https:\/\/beaskincare.com\/productos\/wp-content\/uploads\/2025\/12\/GLOw-rescue-kit-768x768.png 768w, https:\/\/beaskincare.com\/productos\/wp-content\/uploads\/2025\/12\/GLOw-rescue-kit-1536x1536.png 1536w, https:\/\/beaskincare.com\/productos\/wp-content\/uploads\/2025\/12\/GLOw-rescue-kit-2048x2048.png 2048w\" sizes=\"(max-width: 300px) 100vw, 300px\" \/><\/div>\n\t\t\t\t\t<div class=\"wc-block-grid__product-title\">Glow Rescue Kit: Activ + Elixir<\/div>\n\t\t\t\t<\/a>\n\t\t\t\t<div class=\"wc-block-grid__product-price price\"><del aria-hidden=\"true\"><span class=\"woocommerce-Price-amount amount\">110,97&nbsp;<span class=\"woocommerce-Price-currencySymbol\">&euro;<\/span><\/span><\/del> <span class=\"screen-reader-text\">El precio original era: 110,97&nbsp;&euro;.<\/span><ins aria-hidden=\"true\"><span class=\"woocommerce-Price-amount amount\">94,99&nbsp;<span class=\"woocommerce-Price-currencySymbol\">&euro;<\/span><\/span><\/ins><span class=\"screen-reader-text\">El precio actual es: 94,99&nbsp;&euro;.<\/span><\/div>\n\t\t\t\t<div class=\"wc-block-grid__product-rating\"><div class=\"star-rating\" role=\"img\" aria-label=\"Valorado con 5.00 de 5\"><span style=\"width:100%\">Valorado con <strong class=\"rating\">5.00<\/strong> de 5 en base a <span class=\"rating\">2<\/span> valoraciones de clientes<\/span><\/div><\/div>\n\t\t\t\t<div class=\"wp-block-button wc-block-grid__product-add-to-cart\"><a href=\"\/productos\/wp-json\/wp\/v2\/pages\/12?add-to-cart=340\" aria-label=\"A\u00f1adir al carrito: &ldquo;Glow Rescue Kit: Activ + Elixir&rdquo;\" data-quantity=\"1\" data-product_id=\"340\" data-product_sku=\"\" data-price=\"94.99\" rel=\"nofollow\" class=\"wp-block-button__link  add_to_cart_button ajax_add_to_cart\">A\u00f1adir al carrito<\/a><\/div>\n\t\t\t<\/li><li class=\"wc-block-grid__product\">\n\t\t\t\t<a href=\"https:\/\/beaskincare.com\/productos\/producto\/elixir\/\" class=\"wc-block-grid__product-link\">\n\t\t\t\t\t\n\t\t\t\t\t<div class=\"wc-block-grid__product-image\"><img loading=\"lazy\" decoding=\"async\" width=\"300\" height=\"300\" src=\"https:\/\/beaskincare.com\/productos\/wp-content\/uploads\/2025\/08\/Balance-02_imgupscaler.ai_Beta_2K-2-300x300.webp\" class=\"attachment-woocommerce_thumbnail size-woocommerce_thumbnail\" alt=\"Bea Skincare. Elixir.\" srcset=\"https:\/\/beaskincare.com\/productos\/wp-content\/uploads\/2025\/08\/Balance-02_imgupscaler.ai_Beta_2K-2-300x300.webp 300w, https:\/\/beaskincare.com\/productos\/wp-content\/uploads\/2025\/08\/Balance-02_imgupscaler.ai_Beta_2K-2-100x100.webp 100w, https:\/\/beaskincare.com\/productos\/wp-content\/uploads\/2025\/08\/Balance-02_imgupscaler.ai_Beta_2K-2-600x600.webp 600w, https:\/\/beaskincare.com\/productos\/wp-content\/uploads\/2025\/08\/Balance-02_imgupscaler.ai_Beta_2K-2-1024x1024.webp 1024w, https:\/\/beaskincare.com\/productos\/wp-content\/uploads\/2025\/08\/Balance-02_imgupscaler.ai_Beta_2K-2-150x150.webp 150w, https:\/\/beaskincare.com\/productos\/wp-content\/uploads\/2025\/08\/Balance-02_imgupscaler.ai_Beta_2K-2-768x768.webp 768w, https:\/\/beaskincare.com\/productos\/wp-content\/uploads\/2025\/08\/Balance-02_imgupscaler.ai_Beta_2K-2-1536x1536.webp 1536w, https:\/\/beaskincare.com\/productos\/wp-content\/uploads\/2025\/08\/Balance-02_imgupscaler.ai_Beta_2K-2.webp 2048w\" sizes=\"(max-width: 300px) 100vw, 300px\" \/><\/div>\n\t\t\t\t\t<div class=\"wc-block-grid__product-title\">ELIXIR (Gel Crema)<\/div>\n\t\t\t\t<\/a>\n\t\t\t\t<div class=\"wc-block-grid__product-price price\"><span class=\"woocommerce-Price-amount amount\">65,49&nbsp;<span class=\"woocommerce-Price-currencySymbol\">&euro;<\/span><\/span><\/div>\n\t\t\t\t<div class=\"wc-block-grid__product-rating\"><div class=\"star-rating\" role=\"img\" aria-label=\"Valorado con 5.00 de 5\"><span style=\"width:100%\">Valorado con <strong class=\"rating\">5.00<\/strong> de 5 en base a <span class=\"rating\">7<\/span> valoraciones de clientes<\/span><\/div><\/div>\n\t\t\t\t<div class=\"wp-block-button wc-block-grid__product-add-to-cart\"><a href=\"\/productos\/wp-json\/wp\/v2\/pages\/12?add-to-cart=71\" aria-label=\"A\u00f1adir al carrito: &ldquo;ELIXIR (Gel Crema)&rdquo;\" data-quantity=\"1\" data-product_id=\"71\" data-product_sku=\"3\" data-price=\"65.49\" rel=\"nofollow\" class=\"wp-block-button__link  add_to_cart_button ajax_add_to_cart\">A\u00f1adir al carrito<\/a><\/div>\n\t\t\t<\/li><\/ul><\/div><\/div>\n<\/div>\n","protected":false},"excerpt":{"rendered":"","protected":false},"author":1,"featured_media":0,"parent":0,"menu_order":0,"comment_status":"closed","ping_status":"closed","template":"","meta":{"neve_meta_sidebar":"","neve_meta_container":"","neve_meta_enable_content_width":"","neve_meta_content_width":0,"neve_meta_title_alignment":"","neve_meta_author_avatar":"","neve_post_elements_order":"","neve_meta_disable_header":"","neve_meta_disable_footer":"","neve_meta_disable_title":"","footnotes":""},"class_list":["post-12","page","type-page","status-publish","hentry"],"_links":{"self":[{"href":"https:\/\/beaskincare.com\/productos\/wp-json\/wp\/v2\/pages\/12","targetHints":{"allow":["GET"]}}],"collection":[{"href":"https:\/\/beaskincare.com\/productos\/wp-json\/wp\/v2\/pages"}],"about":[{"href":"https:\/\/beaskincare.com\/productos\/wp-json\/wp\/v2\/types\/page"}],"author":[{"embeddable":true,"href":"https:\/\/beaskincare.com\/productos\/wp-json\/wp\/v2\/users\/1"}],"replies":[{"embeddable":true,"href":"https:\/\/beaskincare.com\/productos\/wp-json\/wp\/v2\/comments?post=12"}],"version-history":[{"count":1,"href":"https:\/\/beaskincare.com\/productos\/wp-json\/wp\/v2\/pages\/12\/revisions"}],"predecessor-version":[{"id":16,"href":"https:\/\/beaskincare.com\/productos\/wp-json\/wp\/v2\/pages\/12\/revisions\/16"}],"wp:attachment":[{"href":"https:\/\/beaskincare.com\/productos\/wp-json\/wp\/v2\/media?parent=12"}],"curies":[{"name":"wp","href":"https:\/\/api.w.org\/{rel}","templated":true}]}}