{"id":340,"date":"2025-12-12T01:34:15","date_gmt":"2025-12-12T00:34:15","guid":{"rendered":"https:\/\/beaskincare.com\/productos\/?post_type=product&#038;p=340"},"modified":"2025-12-18T21:51:28","modified_gmt":"2025-12-18T20:51:28","slug":"glow-rescue-kit-activ-elixir","status":"publish","type":"product","link":"https:\/\/beaskincare.com\/productos\/producto\/glow-rescue-kit-activ-elixir\/","title":{"rendered":"Glow Rescue Kit: Activ + Elixir"},"content":{"rendered":"<p dir=\"auto\"><img decoding=\"async\" class=\"alignright wp-image-345 size-full\" src=\"https:\/\/beaskincare.com\/productos\/wp-content\/uploads\/2025\/12\/suaviza2.webp\" alt=\"Bea Skincare. Elixir. Activ.\" width=\"50%\" height=\"auto\" srcset=\"https:\/\/beaskincare.com\/productos\/wp-content\/uploads\/2025\/12\/suaviza2.webp 1500w, https:\/\/beaskincare.com\/productos\/wp-content\/uploads\/2025\/12\/suaviza2-300x300.webp 300w, https:\/\/beaskincare.com\/productos\/wp-content\/uploads\/2025\/12\/suaviza2-100x100.webp 100w, https:\/\/beaskincare.com\/productos\/wp-content\/uploads\/2025\/12\/suaviza2-600x600.webp 600w, https:\/\/beaskincare.com\/productos\/wp-content\/uploads\/2025\/12\/suaviza2-1024x1024.webp 1024w, https:\/\/beaskincare.com\/productos\/wp-content\/uploads\/2025\/12\/suaviza2-150x150.webp 150w, https:\/\/beaskincare.com\/productos\/wp-content\/uploads\/2025\/12\/suaviza2-768x768.webp 768w\" sizes=\"(max-width: 1500px) 100vw, 1500px\" \/><\/p>\n<h2 dir=\"auto\">Tu soluci\u00f3n r\u00e1pida para <strong>combatir la piel apagada y cansada por el estr\u00e9s diario<\/strong>.<\/h2>\n<p dir=\"auto\">Perfecto para profesionales ocupados que no tienen tiempo para rutinas complicadas, combina el poder de ACTIV Serum (con vitamina C estabilizada, \u00e1cido hialur\u00f3nico y proteoglicanos) y el gel-crema nocturno ELIXIR (con retinal encapsulado, niacinamida y centella asi\u00e1tica). Juntos, iluminan el cutis, reducen ojeras y manchas, suavizan la textura irregular y proporcionan hidrataci\u00f3n profunda, dejando tu piel radiante y revitalizada al amanecer. F\u00f3rmula ligera, de absorci\u00f3n r\u00e1pida y apta para todo tipo de pieles, incluidas las sensibles. \u00a1Despierta con un glow natural, sin importar lo agitado que sea tu d\u00eda!<\/p>\n<p dir=\"auto\"><strong>Beneficios del Glow Rescue Kit:<\/strong><\/p>\n<ul dir=\"auto\">\n<li><strong>Iluminaci\u00f3n inmediata:<\/strong> Reduce la piel gris\u00e1cea y ojeras marcadas para un tono uniforme y luminoso.<\/li>\n<li><strong>Textura refinada:<\/strong> Suaviza irregularidades y minimiza poros, gracias a la renovaci\u00f3n celular nocturna.<\/li>\n<li><strong>Hidrataci\u00f3n y protecci\u00f3n:<\/strong> Refuerza la barrera cut\u00e1nea contra el estr\u00e9s ambiental, con antioxidantes potentes.<\/li>\n<li><strong>Anti-envejecimiento express:<\/strong> Rellena l\u00edneas finas y estimula col\u00e1geno, ideal para rutinas minimalistas.<\/li>\n<li><strong>Resultados visibles en d\u00edas:<\/strong> Desde la primera aplicaci\u00f3n, nota una piel m\u00e1s firme y energizada.<\/li>\n<\/ul>\n<h4 dir=\"auto\">Modo de Uso en 3 Pasos Sencillos<\/h4>\n<ol dir=\"auto\">\n<li><strong>Limpieza (opcional pero recomendada):<\/strong> Limpia tu rostro con un limpiador suave para eliminar impurezas del d\u00eda.<\/li>\n<li><strong>Aplicaci\u00f3n del S\u00e9rum ACTIV:<\/strong> Aplica 2-3 gotas sobre la piel seca, masajeando suavemente. Espera 1 minuto para absorci\u00f3n \u2013 ilumina y protege instant\u00e1neamente.<\/li>\n<li><strong>Cierre con ELIXIR:<\/strong> Extiende una peque\u00f1a cantidad de gel-crema, enfoc\u00e1ndote en \u00e1reas problem\u00e1ticas como ojeras y textura irregular. Deja actuar durante la noche para regeneraci\u00f3n profunda.<\/li>\n<\/ol>\n<p dir=\"auto\">Al d\u00eda siguiente, complementa con protector solar. Usa el kit diariamente para resultados \u00f3ptimos en una semana.<\/p>\n","protected":false},"excerpt":{"rendered":"<h2>Tu soluci\u00f3n r\u00e1pida para combatir la piel apagada y cansada por el estr\u00e9s diario<\/h2>\n<p>Perfecto para profesionales ocupados que no tienen tiempo para rutinas complicadas, combina el poder de ACTIV Serum (con vitamina C estabilizada, \u00e1cido hialur\u00f3nico y proteoglicanos) y el gel-crema nocturno ELIXIR (con retinal encapsulado, niacinamida y centella asi\u00e1tica). Juntos, iluminan el cutis, reducen ojeras y manchas, suavizan la textura irregular y proporcionan hidrataci\u00f3n profunda, dejando tu piel radiante y revitalizada al amanecer.<\/p>\n","protected":false},"featured_media":341,"comment_status":"open","ping_status":"closed","template":"","meta":{"neve_meta_sidebar":"","neve_meta_container":"","neve_meta_enable_content_width":"off","neve_meta_content_width":100,"neve_meta_title_alignment":"","neve_meta_author_avatar":"","neve_post_elements_order":"","neve_meta_disable_header":"","neve_meta_disable_footer":"","neve_meta_disable_title":""},"product_brand":[20],"product_cat":[15,57],"product_tag":[],"class_list":{"0":"post-340","1":"product","2":"type-product","3":"status-publish","4":"has-post-thumbnail","6":"product_brand-bea-skincare","7":"product_cat-effective-treatments","8":"product_cat-kit","10":"first","11":"instock","12":"sale","13":"shipping-taxable","14":"purchasable","15":"product-type-simple"},"_links":{"self":[{"href":"https:\/\/beaskincare.com\/productos\/wp-json\/wp\/v2\/product\/340","targetHints":{"allow":["GET"]}}],"collection":[{"href":"https:\/\/beaskincare.com\/productos\/wp-json\/wp\/v2\/product"}],"about":[{"href":"https:\/\/beaskincare.com\/productos\/wp-json\/wp\/v2\/types\/product"}],"replies":[{"embeddable":true,"href":"https:\/\/beaskincare.com\/productos\/wp-json\/wp\/v2\/comments?post=340"}],"wp:featuredmedia":[{"embeddable":true,"href":"https:\/\/beaskincare.com\/productos\/wp-json\/wp\/v2\/media\/341"}],"wp:attachment":[{"href":"https:\/\/beaskincare.com\/productos\/wp-json\/wp\/v2\/media?parent=340"}],"wp:term":[{"taxonomy":"product_brand","embeddable":true,"href":"https:\/\/beaskincare.com\/productos\/wp-json\/wp\/v2\/product_brand?post=340"},{"taxonomy":"product_cat","embeddable":true,"href":"https:\/\/beaskincare.com\/productos\/wp-json\/wp\/v2\/product_cat?post=340"},{"taxonomy":"product_tag","embeddable":true,"href":"https:\/\/beaskincare.com\/productos\/wp-json\/wp\/v2\/product_tag?post=340"}],"curies":[{"name":"wp","href":"https:\/\/api.w.org\/{rel}","templated":true}]}}